{"id":10386,"date":"2017-03-04T19:26:10","date_gmt":"2017-03-04T19:26:10","guid":{"rendered":"http:\/\/192.168.1.3\/wordpress\/sceneone\/?page_id=10386"},"modified":"2024-09-11T10:54:08","modified_gmt":"2024-09-11T08:54:08","slug":"blog-grid","status":"publish","type":"page","link":"https:\/\/champagne-verlet.com\/index.php\/blog-grid\/","title":{"rendered":"Les actualit\u00e9s"},"content":{"rendered":"<p>alit\u00e9sctualit\u00e9<\/p>\n","protected":false},"excerpt":{"rendered":"<p>alit\u00e9sctualit\u00e9<\/p>\n","protected":false},"author":1,"featured_media":0,"parent":0,"menu_order":0,"comment_status":"closed","ping_status":"closed","template":"","meta":{"footnotes":""},"class_list":["post-10386","page","type-page","status-publish","hentry"],"_links":{"self":[{"href":"https:\/\/champagne-verlet.com\/index.php\/wp-json\/wp\/v2\/pages\/10386","targetHints":{"allow":["GET"]}}],"collection":[{"href":"https:\/\/champagne-verlet.com\/index.php\/wp-json\/wp\/v2\/pages"}],"about":[{"href":"https:\/\/champagne-verlet.com\/index.php\/wp-json\/wp\/v2\/types\/page"}],"author":[{"embeddable":true,"href":"https:\/\/champagne-verlet.com\/index.php\/wp-json\/wp\/v2\/users\/1"}],"replies":[{"embeddable":true,"href":"https:\/\/champagne-verlet.com\/index.php\/wp-json\/wp\/v2\/comments?post=10386"}],"version-history":[{"count":2,"href":"https:\/\/champagne-verlet.com\/index.php\/wp-json\/wp\/v2\/pages\/10386\/revisions"}],"predecessor-version":[{"id":12229,"href":"https:\/\/champagne-verlet.com\/index.php\/wp-json\/wp\/v2\/pages\/10386\/revisions\/12229"}],"wp:attachment":[{"href":"https:\/\/champagne-verlet.com\/index.php\/wp-json\/wp\/v2\/media?parent=10386"}],"curies":[{"name":"wp","href":"https:\/\/api.w.org\/{rel}","templated":true}]}}